{"id":2182,"date":"2019-01-25T10:27:45","date_gmt":"2019-01-25T10:27:45","guid":{"rendered":"http:\/\/ccis.com.ar\/capacitaciones\/?page_id=2182"},"modified":"2019-01-25T10:52:23","modified_gmt":"2019-01-25T10:52:23","slug":"seminarios","status":"publish","type":"page","link":"https:\/\/ccis.com.ar\/capacitaciones\/seminarios\/","title":{"rendered":"Seminarios"},"content":{"rendered":"<p>[vc_row][vc_column][vc_column_text]<br \/>\n<!-- \/wp:paragraph -->[\/vc_column_text][\/vc_column][\/vc_row][vc_row][vc_column]<div class=\"educare-course-list-wrap educare-course-list-3\"><div class=\"row\"><div class=\"col-md-4\">\n\n            <div class=\"single-educare-course\">\n            <a href=\"https:\/\/ccis.com.ar\/capacitaciones\/course\/tecnicas-de-negociacion-para-ventas-en-epocas-de-pandemia\/\">\n                <div style=\"background-image:url(https:\/\/ccis.com.ar\/capacitaciones\/wp-content\/uploads\/2020\/06\/foto-web-T\u00e9cnicas-de-negociaci\u00f3n-para-ventas-en-\u00e9pocas-de-pandemia-300x300.jpg)\" class=\"educare-course-img\">\n\n                    <div class=\"educare-loading-bar\">\n\n                        <p><i class=\"fa fa-cog fa-spin\"><\/i> Loading ...<\/p>\n\n                    <\/div>\n\n                    <div class=\"educare-course-img-border\"><\/div>\n\n                <\/div>\n\n                <h2>T\u00e9cnicas de negociaci\u00f3n para ventas en \u00e9pocas de Pandemia. <span> <span  class=\"count\"><\/span><\/span><\/h2>\n\n                <p>[FINALIZADO] Profesor Abg. Mar\u00eda Soledad Munguia. Dirigido a Socios de CCIS y p\u00fablico en gral. Vendedores y comerciales interesados en la negociaci\u00f3n, sus t\u00e9cnicas y estilos. Descripci\u00f3n Negociaci\u00f3n: desde la definici\u00f3n hasta la pr\u00e1ctica de una planificaci\u00f3n Tipos de negociadores. Cu\u00e1l eres t\u00fa? estilos Analizar la situaci\u00f3n para generar una mejor estrategia de negociaci\u00f3n Qu\u00e9 [&hellip;]<\/p>\n\n\n                <a href=\"https:\/\/ccis.com.ar\/capacitaciones\/course\/tecnicas-de-negociacion-para-ventas-en-epocas-de-pandemia\/\" class=\"educare-btn bordered-btn \">Learn More<\/a>\n            <\/a>\n            <\/div>\n\n        <\/div><div class=\"col-md-4\">\n\n            <div class=\"single-educare-course\">\n            <a href=\"https:\/\/ccis.com.ar\/capacitaciones\/course\/atencion-al-cliente-y-neuroventas\/\">\n                <div style=\"background-image:url(https:\/\/ccis.com.ar\/capacitaciones\/wp-content\/uploads\/2019\/06\/foto-charla-gratuita-300x300.png)\" class=\"educare-course-img\">\n\n                    <div class=\"educare-loading-bar\">\n\n                        <p><i class=\"fa fa-cog fa-spin\"><\/i> Loading ...<\/p>\n\n                    <\/div>\n\n                    <div class=\"educare-course-img-border\"><\/div>\n\n                <\/div>\n\n                <h2>Atenci\u00f3n al Cliente y Neuroventas <span> <span  class=\"count\"><\/span><\/span><\/h2>\n\n                <p>[FINALIZADO] Profesor: Mariz\u00fa Nogu\u00e9z. Duraci\u00f3n: 1 encuentro. D\u00edas de cursado: Viernes de 13 a 15.30 hs. Inicia: Viernes 12\/07 Lugar de cursado: Alsina 17, 1er piso Costo total: Gratuito. Dirigido a A todos en general y en particular a todo el personal de contacto con clientes que tengan la responsabilidad de atender y desarrollar v\u00ednculos [&hellip;]<\/p>\n\n\n                <a href=\"https:\/\/ccis.com.ar\/capacitaciones\/course\/atencion-al-cliente-y-neuroventas\/\" class=\"educare-btn bordered-btn \">Learn More<\/a>\n            <\/a>\n            <\/div>\n\n        <\/div><div class=\"col-md-4\">\n\n            <div class=\"single-educare-course\">\n            <a href=\"https:\/\/ccis.com.ar\/capacitaciones\/cursos\/seminario-de-social-selling-como-generar-clientes-a-traves-de-las-redes-sociales-facebook-e-instagram\/\">\n                <div style=\"background-image:url(https:\/\/ccis.com.ar\/capacitaciones\/wp-content\/uploads\/2019\/02\/fotoweb-SOCIAL-SELLING-300x300.png)\" class=\"educare-course-img\">\n\n                    <div class=\"educare-loading-bar\">\n\n                        <p><i class=\"fa fa-cog fa-spin\"><\/i> Loading ...<\/p>\n\n                    <\/div>\n\n                    <div class=\"educare-course-img-border\"><\/div>\n\n                <\/div>\n\n                <h2>Seminario de Social Selling \u00bfc\u00f3mo generar clientes a trav\u00e9s de las redes sociales Facebook e Instagram? <span> <span  class=\"count\"><\/span><\/span><\/h2>\n\n                <p>[FINALIZADO] Profesor:\u00a0Bruno Palmieri &#8211;\u00a0VER PERFIL Resumen Bio: Bruno Palmieri se dedica desde hace m\u00e1s de 10 a\u00f1os a las tem\u00e1ticas de Marketing Digital y Comercio Electr\u00f3nico. Es presidente de ABAKO Desarrollo de Negocios Online S.A., es profesional certificado Google Cloud Partner para todo Latinoam\u00e9rica, y profesor en diferentes Diplomaturas y Cursos de estas tem\u00e1ticas en [&hellip;]<\/p>\n\n\n                <a href=\"https:\/\/ccis.com.ar\/capacitaciones\/cursos\/seminario-de-social-selling-como-generar-clientes-a-traves-de-las-redes-sociales-facebook-e-instagram\/\" class=\"educare-btn bordered-btn \">Learn More<\/a>\n            <\/a>\n            <\/div>\n\n        <\/div><\/div><div class=\"row\"><\/div>\n\n    <script>\n\n    jQuery(document).ready(function($){\n\n        $(\".loadmore-course-btn\").click(function(){\n\n            $.ajax({\n\n                type: 'POST',\n\n                url: \"https:\/\/ccis.com.ar\/capacitaciones\/wp-admin\/admin-ajax.php\",\n\n                dataType: 'html',\n\n                data: {\n\n                    count: $(this).attr(\"data-count\"),\n\n                    columns: $(this).attr(\"data-columns\"),\n\n                    static_count: $(this).attr(\"data-static-count\"),\n\n                    total_loaded: $(this).attr(\"data-total-loaded\"),\n\n                    btn_text: $(this).attr(\"data-btn-text\"),\n\n                    category: $(this).attr(\"data-category\"),\n\n                    action: 'load_more_courses',\n\n                    nonce: $(this).data('nonce')\n\n                },\n\n                beforeSend: function(data) {\n\n                    $(\"#load-next-courses-message\").append(\"<span class='coursemore-loading-text'><i class='fa fa-cog fa-spin'><\/i> courses loading ...<\/span>\");\n\n                    $(\".loadmore-course-btn\").hide();\n\n                },\n\n                success: function(data, result){\n\n                    if( result != 'error' ) {\n\n                        $(\".educare-course-list-wrap .row\").append(data);\n\n\n\n\n\n\n\n\n\n                        var posts_per_page = 10;\n\n                        var final_count = parseInt($(\".loadmore-course-btn\").attr(\"data-count\")) + parseInt(posts_per_page);\n\n\n\n                        var total_found_posts = parseInt(3);\n\n                        $(\".loadmore-course-btn\").removeAttr(\"data-count\");\n\n                        $(\".loadmore-course-btn\").attr(\"data-count\", final_count);\n\n\n\n\n\n\n\n                        var total_loaded_count = parseInt($(\".loadmore-course-btn\").attr(\"data-count\")) - parseInt(posts_per_page);\n\n\n\n                        $(\".loadmore-course-btn\").removeAttr(\"data-total-loaded\");\n\n                        $(\".loadmore-course-btn\").attr(\"data-total-loaded\", total_loaded_count);\n\n                        $(\"#load-next-courses-message\").empty();\n\n                        $(\".loadmore-course-btn\").show();\n\n\n\n                        if ( parseInt($(\".loadmore-course-btn\").attr(\"data-total-loaded\")) > total_found_posts) {\n\n                            $(\"#load-next-courses-message\").append(\"No more courses available\");\n\n                            $(\".load-more-courses-wrap, #load-next-courses-message\").fadeOut();\n\n                            $(\".loadmore-course-btn\").hide();\n\n                        }\n\n                    }\n\n                }\n\n            }); \n\n        });\n\n    });\n\n    <\/script>     \n\n\n\n\n\n    <\/div>[\/vc_column][\/vc_row]<\/p>\n","protected":false},"excerpt":{"rendered":"<p>[vc_row][vc_column][vc_column_text] [\/vc_column_text][\/vc_column][\/vc_row][vc_row][vc_column][\/vc_column][\/vc_row]<\/p>\n","protected":false},"author":5,"featured_media":0,"parent":0,"menu_order":0,"comment_status":"closed","ping_status":"closed","template":"","meta":{"footnotes":""},"_links":{"self":[{"href":"https:\/\/ccis.com.ar\/capacitaciones\/wp-json\/wp\/v2\/pages\/2182"}],"collection":[{"href":"https:\/\/ccis.com.ar\/capacitaciones\/wp-json\/wp\/v2\/pages"}],"about":[{"href":"https:\/\/ccis.com.ar\/capacitaciones\/wp-json\/wp\/v2\/types\/page"}],"author":[{"embeddable":true,"href":"https:\/\/ccis.com.ar\/capacitaciones\/wp-json\/wp\/v2\/users\/5"}],"replies":[{"embeddable":true,"href":"https:\/\/ccis.com.ar\/capacitaciones\/wp-json\/wp\/v2\/comments?post=2182"}],"version-history":[{"count":3,"href":"https:\/\/ccis.com.ar\/capacitaciones\/wp-json\/wp\/v2\/pages\/2182\/revisions"}],"predecessor-version":[{"id":2196,"href":"https:\/\/ccis.com.ar\/capacitaciones\/wp-json\/wp\/v2\/pages\/2182\/revisions\/2196"}],"wp:attachment":[{"href":"https:\/\/ccis.com.ar\/capacitaciones\/wp-json\/wp\/v2\/media?parent=2182"}],"curies":[{"name":"wp","href":"https:\/\/api.w.org\/{rel}","templated":true}]}}