{"id":8,"date":"2016-11-22T09:12:35","date_gmt":"2016-11-22T09:12:35","guid":{"rendered":"http:\/\/dev.champtheme.net\/educare\/?page_id=8"},"modified":"2019-02-01T15:41:15","modified_gmt":"2019-02-01T15:41:15","slug":"about","status":"publish","type":"page","link":"https:\/\/ccis.com.ar\/capacitaciones\/acerca-de-nosotros\/","title":{"rendered":"Acerca de nosotros"},"content":{"rendered":"<p>[vc_row css=\u00bb.vc_custom_1479880052186{padding-top: 100px !important;}\u00bb][vc_column width=\u00bb7\/12&#8243;][vc_column_text]<\/p>\n<h4>Area Eventos y Capacitaci\u00f3n de CCIS<\/h4>\n<p>La Corporaci\u00f3n del Comercio, Industria y Servicios de Bah\u00eda Blanca, inaugur\u00f3 el 29 de noviembre del 2012, su nuevo Departamento de Capacitaci\u00f3n y la Sala principal con el nombre \u201cOsvaldo Cornide\u201d.<\/p>\n<p>Hoy, con m\u00e1s aulas y dotado de todos los recursos t\u00e9cnicos y humanos, desarrolla todas las actividades educativas propias y brinda espacios para que sus socios organicen conferencias, reuniones de trabajo, talleres, desayunos y diversas reuniones institucionales, en calle Alsina 17 y en el Predio Ferial.<\/p>\n<p>&nbsp;<\/p>\n<p>&nbsp;[\/vc_column_text][\/vc_column][vc_column width=\u00bb5\/12&#8243;][vc_video link=\u00bbhttps:\/\/www.youtube.com\/watch?v=IetSTfFRtCU\u00bb css=\u00bb.vc_custom_1548414884915{margin-top: -32px !important;padding-top: 0px !important;}\u00bb][\/vc_column][\/vc_row][vc_row full_width=\u00bbstretch_row\u00bb css=\u00bb.vc_custom_1479879830001{padding-top: 100px !important;padding-bottom: 100px !important;background-color: #f1f1f1 !important;}\u00bb][vc_column]\n        <div class=\"educare-section-title educare-section-title-style-2\"><h2>Pr\u00f3ximos eventos<\/h2><\/div>\n        <div class=\"educare-events educare-events-column-3 educare-events-style-2\" id=\"educare-events-44786\"><div class=\"row\"><\/div><\/div>[\/vc_column][\/vc_row][vc_row full_width=\u00bbstretch_row\u00bb el_class=\u00bbgreen-overlay\u00bb css=\u00bb.vc_custom_1479880150666{padding-top: 50px !important;padding-bottom: 50px !important;background-image: url(http:\/\/dev.champtheme.net\/educare\/wp-content\/uploads\/2016\/11\/slide-bg.jpg?id=76) !important;background-position: center !important;background-repeat: no-repeat !important;background-size: cover !important;}\u00bb][vc_column width=\u00bb5\/12&#8243; offset=\u00bbvc_col-sm-offset-0 vc_col-xs-offset-1 vc_col-xs-10&#8243;]\n        <div class=\"educare-section-title educare-section-title-style-3\"><h2>Suscribite a nuestro newsletter<\/h2><p>y recib\u00ed las \u00faltimas novedades<\/p>\n<\/div>[\/vc_column][vc_column width=\u00bb1\/2&#8243; offset=\u00bbvc_col-lg-offset-1 vc_col-xs-12&#8243;]\n<div class=\"wpcf7 no-js\" id=\"wpcf7-f143-o1\" lang=\"en-US\" dir=\"ltr\">\n<div class=\"screen-reader-response\"><p role=\"status\" aria-live=\"polite\" aria-atomic=\"true\"><\/p> <ul><\/ul><\/div>\n<form action=\"\/capacitaciones\/wp-json\/wp\/v2\/pages\/8#wpcf7-f143-o1\" method=\"post\" class=\"wpcf7-form init\" aria-label=\"Contact form\" novalidate=\"novalidate\" data-status=\"init\">\n<div style=\"display: none;\">\n<input type=\"hidden\" name=\"_wpcf7\" value=\"143\" \/>\n<input type=\"hidden\" name=\"_wpcf7_version\" value=\"5.8.2\" \/>\n<input type=\"hidden\" name=\"_wpcf7_locale\" value=\"en_US\" \/>\n<input type=\"hidden\" name=\"_wpcf7_unit_tag\" value=\"wpcf7-f143-o1\" \/>\n<input type=\"hidden\" name=\"_wpcf7_container_post\" value=\"0\" \/>\n<input type=\"hidden\" name=\"_wpcf7_posted_data_hash\" value=\"\" \/>\n<\/div>\n<div class=\"educare-newsletter-subscribe\">\n\t<p><span class=\"wpcf7-form-control-wrap\" data-name=\"email\"><input size=\"40\" class=\"wpcf7-form-control wpcf7-email wpcf7-validates-as-required wpcf7-text wpcf7-validates-as-email\" aria-required=\"true\" aria-invalid=\"false\" placeholder=\"Ingrese su email\" value=\"\" type=\"email\" name=\"email\" \/><\/span><br \/>\n<input class=\"wpcf7-form-control wpcf7-submit has-spinner\" type=\"submit\" value=\"Subscribite\" \/>\n\t<\/p>\n<\/div><p style=\"display: none !important;\"><label>&#916;<textarea name=\"_wpcf7_ak_hp_textarea\" cols=\"45\" rows=\"8\" maxlength=\"100\"><\/textarea><\/label><input type=\"hidden\" id=\"ak_js_1\" name=\"_wpcf7_ak_js\" value=\"129\"\/><script>document.getElementById( \"ak_js_1\" ).setAttribute( \"value\", ( new Date() ).getTime() );<\/script><\/p><div class=\"inv-recaptcha-holder\"><\/div><div class=\"wpcf7-response-output\" aria-hidden=\"true\"><\/div>\n<\/form>\n<\/div>\n[\/vc_column][\/vc_row]<\/p>\n","protected":false},"excerpt":{"rendered":"<p>[vc_row css=\u00bb.vc_custom_1479880052186{padding-top: 100px !important;}\u00bb][vc_column width=\u00bb7\/12&#8243;][vc_column_text] Area Eventos y Capacitaci\u00f3n de CCIS La Corporaci\u00f3n del Comercio, Industria y Servicios de Bah\u00eda Blanca, inaugur\u00f3 el 29 de noviembre del 2012, su nuevo Departamento de Capacitaci\u00f3n y la Sala principal con el nombre \u201cOsvaldo Cornide\u201d. Hoy, con m\u00e1s aulas y dotado de todos los recursos t\u00e9cnicos y humanos, [&hellip;]<\/p>\n","protected":false},"author":1,"featured_media":76,"parent":0,"menu_order":0,"comment_status":"closed","ping_status":"closed","template":"","meta":{"footnotes":""},"_links":{"self":[{"href":"https:\/\/ccis.com.ar\/capacitaciones\/wp-json\/wp\/v2\/pages\/8"}],"collection":[{"href":"https:\/\/ccis.com.ar\/capacitaciones\/wp-json\/wp\/v2\/pages"}],"about":[{"href":"https:\/\/ccis.com.ar\/capacitaciones\/wp-json\/wp\/v2\/types\/page"}],"author":[{"embeddable":true,"href":"https:\/\/ccis.com.ar\/capacitaciones\/wp-json\/wp\/v2\/users\/1"}],"replies":[{"embeddable":true,"href":"https:\/\/ccis.com.ar\/capacitaciones\/wp-json\/wp\/v2\/comments?post=8"}],"version-history":[{"count":19,"href":"https:\/\/ccis.com.ar\/capacitaciones\/wp-json\/wp\/v2\/pages\/8\/revisions"}],"predecessor-version":[{"id":2241,"href":"https:\/\/ccis.com.ar\/capacitaciones\/wp-json\/wp\/v2\/pages\/8\/revisions\/2241"}],"wp:featuredmedia":[{"embeddable":true,"href":"https:\/\/ccis.com.ar\/capacitaciones\/wp-json\/"}],"wp:attachment":[{"href":"https:\/\/ccis.com.ar\/capacitaciones\/wp-json\/wp\/v2\/media?parent=8"}],"curies":[{"name":"wp","href":"https:\/\/api.w.org\/{rel}","templated":true}]}}