{"id":1898,"date":"2018-07-12T13:26:12","date_gmt":"2018-07-12T13:26:12","guid":{"rendered":"http:\/\/ccis.com.ar\/capacitaciones\/?post_type=product&#038;p=1898"},"modified":"2022-06-21T14:31:17","modified_gmt":"2022-06-21T14:31:17","slug":"gestion-empresarial-seleccion-de-personal-y-conduccion-de-equipos-de-trabajo","status":"publish","type":"product","link":"https:\/\/ccis.com.ar\/capacitaciones\/producto\/gestion-empresarial-seleccion-de-personal-y-conduccion-de-equipos-de-trabajo\/","title":{"rendered":"Gesti\u00f3n Empresarial: Selecci\u00f3n de Personal y Conducci\u00f3n de equipos de Trabajo"},"content":{"rendered":"","protected":false},"excerpt":{"rendered":"","protected":false},"featured_media":1897,"comment_status":"open","ping_status":"closed","template":"","meta":[],"product_cat":[51],"product_tag":[],"_links":{"self":[{"href":"https:\/\/ccis.com.ar\/capacitaciones\/wp-json\/wp\/v2\/product\/1898"}],"collection":[{"href":"https:\/\/ccis.com.ar\/capacitaciones\/wp-json\/wp\/v2\/product"}],"about":[{"href":"https:\/\/ccis.com.ar\/capacitaciones\/wp-json\/wp\/v2\/types\/product"}],"replies":[{"embeddable":true,"href":"https:\/\/ccis.com.ar\/capacitaciones\/wp-json\/wp\/v2\/comments?post=1898"}],"wp:featuredmedia":[{"embeddable":true,"href":"https:\/\/ccis.com.ar\/capacitaciones\/wp-json\/wp\/v2\/media\/1897"}],"wp:attachment":[{"href":"https:\/\/ccis.com.ar\/capacitaciones\/wp-json\/wp\/v2\/media?parent=1898"}],"wp:term":[{"taxonomy":"product_cat","embeddable":true,"href":"https:\/\/ccis.com.ar\/capacitaciones\/wp-json\/wp\/v2\/product_cat?post=1898"},{"taxonomy":"product_tag","embeddable":true,"href":"https:\/\/ccis.com.ar\/capacitaciones\/wp-json\/wp\/v2\/product_tag?post=1898"}],"curies":[{"name":"wp","href":"https:\/\/api.w.org\/{rel}","templated":true}]}}