{"id":2751,"date":"2019-08-27T11:29:05","date_gmt":"2019-08-27T11:29:05","guid":{"rendered":"http:\/\/ccis.com.ar\/capacitaciones\/?post_type=product&#038;p=2751"},"modified":"2019-08-27T11:29:05","modified_gmt":"2019-08-27T11:29:05","slug":"diplomatura-en-marketing-comercio-electronico-y-negociacion-5ta-edicion","status":"publish","type":"product","link":"https:\/\/ccis.com.ar\/capacitaciones\/producto\/diplomatura-en-marketing-comercio-electronico-y-negociacion-5ta-edicion\/","title":{"rendered":"Diplomatura en Marketing, Comercio electr\u00f3nico y Negociaci\u00f3n (5ta edici\u00f3n)"},"content":{"rendered":"","protected":false},"excerpt":{"rendered":"","protected":false},"featured_media":2423,"comment_status":"open","ping_status":"closed","template":"","meta":[],"product_cat":[70],"product_tag":[],"_links":{"self":[{"href":"https:\/\/ccis.com.ar\/capacitaciones\/wp-json\/wp\/v2\/product\/2751"}],"collection":[{"href":"https:\/\/ccis.com.ar\/capacitaciones\/wp-json\/wp\/v2\/product"}],"about":[{"href":"https:\/\/ccis.com.ar\/capacitaciones\/wp-json\/wp\/v2\/types\/product"}],"replies":[{"embeddable":true,"href":"https:\/\/ccis.com.ar\/capacitaciones\/wp-json\/wp\/v2\/comments?post=2751"}],"wp:featuredmedia":[{"embeddable":true,"href":"https:\/\/ccis.com.ar\/capacitaciones\/wp-json\/wp\/v2\/media\/2423"}],"wp:attachment":[{"href":"https:\/\/ccis.com.ar\/capacitaciones\/wp-json\/wp\/v2\/media?parent=2751"}],"wp:term":[{"taxonomy":"product_cat","embeddable":true,"href":"https:\/\/ccis.com.ar\/capacitaciones\/wp-json\/wp\/v2\/product_cat?post=2751"},{"taxonomy":"product_tag","embeddable":true,"href":"https:\/\/ccis.com.ar\/capacitaciones\/wp-json\/wp\/v2\/product_tag?post=2751"}],"curies":[{"name":"wp","href":"https:\/\/api.w.org\/{rel}","templated":true}]}}