{"id":2996,"date":"2020-02-17T20:36:58","date_gmt":"2020-02-17T20:36:58","guid":{"rendered":"http:\/\/ccis.com.ar\/capacitaciones\/?post_type=product&#038;p=2996"},"modified":"2020-04-13T13:47:45","modified_gmt":"2020-04-13T13:47:45","slug":"ciclo-practico-de-gestion-de-recursos-humanos-modulo-1-seleccion-de-talento-humano","status":"publish","type":"product","link":"https:\/\/ccis.com.ar\/capacitaciones\/producto\/ciclo-practico-de-gestion-de-recursos-humanos-modulo-2-las-nuevas-generaciones-de-trabajadores","title":{"rendered":"CICLO PR\u00c1CTICO DE GESTI\u00d3N DE RECURSOS HUMANOS  M\u00d3DULO 2- : LAS NUEVAS GENERACIONES DE TRABAJADORES"},"content":{"rendered":"","protected":false},"excerpt":{"rendered":"","protected":false},"featured_media":2995,"comment_status":"open","ping_status":"closed","template":"","meta":[],"product_cat":[76],"product_tag":[],"_links":{"self":[{"href":"https:\/\/ccis.com.ar\/capacitaciones\/wp-json\/wp\/v2\/product\/2996"}],"collection":[{"href":"https:\/\/ccis.com.ar\/capacitaciones\/wp-json\/wp\/v2\/product"}],"about":[{"href":"https:\/\/ccis.com.ar\/capacitaciones\/wp-json\/wp\/v2\/types\/product"}],"replies":[{"embeddable":true,"href":"https:\/\/ccis.com.ar\/capacitaciones\/wp-json\/wp\/v2\/comments?post=2996"}],"wp:featuredmedia":[{"embeddable":true,"href":"https:\/\/ccis.com.ar\/capacitaciones\/wp-json\/wp\/v2\/media\/2995"}],"wp:attachment":[{"href":"https:\/\/ccis.com.ar\/capacitaciones\/wp-json\/wp\/v2\/media?parent=2996"}],"wp:term":[{"taxonomy":"product_cat","embeddable":true,"href":"https:\/\/ccis.com.ar\/capacitaciones\/wp-json\/wp\/v2\/product_cat?post=2996"},{"taxonomy":"product_tag","embeddable":true,"href":"https:\/\/ccis.com.ar\/capacitaciones\/wp-json\/wp\/v2\/product_tag?post=2996"}],"curies":[{"name":"wp","href":"https:\/\/api.w.org\/{rel}","templated":true}]}}