{"id":3014,"date":"2020-02-18T18:27:19","date_gmt":"2020-02-18T18:27:19","guid":{"rendered":"http:\/\/ccis.com.ar\/capacitaciones\/?post_type=product&#038;p=3014"},"modified":"2020-02-18T18:27:19","modified_gmt":"2020-02-18T18:27:19","slug":"inscripcion-ciclo-practico-de-gestion-de-recursos-humanos-modulo-4-administracion-del-tiempo-toma-de-decisiones-clima-laboral","status":"publish","type":"product","link":"https:\/\/ccis.com.ar\/capacitaciones\/producto\/inscripcion-ciclo-practico-de-gestion-de-recursos-humanos-modulo-4-administracion-del-tiempo-toma-de-decisiones-clima-laboral\/","title":{"rendered":"Inscripci\u00f3n Ciclo pr\u00e1ctico de Gesti\u00f3n de recursos humanos: M\u00f3dulo 4 | Administraci\u00f3n del tiempo &#8211; Toma de decisiones  &#8211; Clima Laboral"},"content":{"rendered":"","protected":false},"excerpt":{"rendered":"","protected":false},"featured_media":3013,"comment_status":"open","ping_status":"closed","template":"","meta":[],"product_cat":[76],"product_tag":[],"_links":{"self":[{"href":"https:\/\/ccis.com.ar\/capacitaciones\/wp-json\/wp\/v2\/product\/3014"}],"collection":[{"href":"https:\/\/ccis.com.ar\/capacitaciones\/wp-json\/wp\/v2\/product"}],"about":[{"href":"https:\/\/ccis.com.ar\/capacitaciones\/wp-json\/wp\/v2\/types\/product"}],"replies":[{"embeddable":true,"href":"https:\/\/ccis.com.ar\/capacitaciones\/wp-json\/wp\/v2\/comments?post=3014"}],"wp:featuredmedia":[{"embeddable":true,"href":"https:\/\/ccis.com.ar\/capacitaciones\/wp-json\/wp\/v2\/media\/3013"}],"wp:attachment":[{"href":"https:\/\/ccis.com.ar\/capacitaciones\/wp-json\/wp\/v2\/media?parent=3014"}],"wp:term":[{"taxonomy":"product_cat","embeddable":true,"href":"https:\/\/ccis.com.ar\/capacitaciones\/wp-json\/wp\/v2\/product_cat?post=3014"},{"taxonomy":"product_tag","embeddable":true,"href":"https:\/\/ccis.com.ar\/capacitaciones\/wp-json\/wp\/v2\/product_tag?post=3014"}],"curies":[{"name":"wp","href":"https:\/\/api.w.org\/{rel}","templated":true}]}}