{"id":3125,"date":"2020-06-03T15:07:46","date_gmt":"2020-06-03T15:07:46","guid":{"rendered":"http:\/\/ccis.com.ar\/capacitaciones\/?post_type=product&#038;p=3125"},"modified":"2020-06-03T15:07:46","modified_gmt":"2020-06-03T15:07:46","slug":"tecnicas-de-negociacion-para-ventas-en-epocas-de-pandemia","status":"publish","type":"product","link":"https:\/\/ccis.com.ar\/capacitaciones\/producto\/tecnicas-de-negociacion-para-ventas-en-epocas-de-pandemia\/","title":{"rendered":"T\u00e9cnicas de negociaci\u00f3n para ventas en \u00e9pocas de Pandemia."},"content":{"rendered":"","protected":false},"excerpt":{"rendered":"","protected":false},"featured_media":3126,"comment_status":"open","ping_status":"closed","template":"","meta":[],"product_cat":[56],"product_tag":[],"_links":{"self":[{"href":"https:\/\/ccis.com.ar\/capacitaciones\/wp-json\/wp\/v2\/product\/3125"}],"collection":[{"href":"https:\/\/ccis.com.ar\/capacitaciones\/wp-json\/wp\/v2\/product"}],"about":[{"href":"https:\/\/ccis.com.ar\/capacitaciones\/wp-json\/wp\/v2\/types\/product"}],"replies":[{"embeddable":true,"href":"https:\/\/ccis.com.ar\/capacitaciones\/wp-json\/wp\/v2\/comments?post=3125"}],"wp:featuredmedia":[{"embeddable":true,"href":"https:\/\/ccis.com.ar\/capacitaciones\/wp-json\/wp\/v2\/media\/3126"}],"wp:attachment":[{"href":"https:\/\/ccis.com.ar\/capacitaciones\/wp-json\/wp\/v2\/media?parent=3125"}],"wp:term":[{"taxonomy":"product_cat","embeddable":true,"href":"https:\/\/ccis.com.ar\/capacitaciones\/wp-json\/wp\/v2\/product_cat?post=3125"},{"taxonomy":"product_tag","embeddable":true,"href":"https:\/\/ccis.com.ar\/capacitaciones\/wp-json\/wp\/v2\/product_tag?post=3125"}],"curies":[{"name":"wp","href":"https:\/\/api.w.org\/{rel}","templated":true}]}}