{"id":806,"date":"2017-01-26T15:54:08","date_gmt":"2017-01-26T15:54:08","guid":{"rendered":"http:\/\/capacitacionccis.hostingbahia.com.ar\/producto\/ingles-para-viajeros\/"},"modified":"2020-02-17T14:52:18","modified_gmt":"2020-02-17T14:52:18","slug":"ingles-para-viajeros","status":"publish","type":"product","link":"https:\/\/ccis.com.ar\/capacitaciones\/producto\/ingles-para-viajeros\/","title":{"rendered":"INGL\u00c9S PARA VIAJEROS"},"content":{"rendered":"<p>Man\u00e9jese Sin Problemas en Todos Lados<\/p>\n<p>Si usted es de las personas apasionadas por viajar o si viaja constantemente por que su empleo lo requiere, la corporaci\u00f3n le ofrece un completo curso de INGLES PARA VIAJEROS de 4 meses con una clase semanal de dos horas.<\/p>\n<p>Simples, did\u00e1cticas y \u00fatiles las clases son cuidadosamente dise\u00f1adas alrededor de situaciones de viaje y necesidades que har\u00e1n que usted comience a ganar seguridad y se sienta listo para viajar . Trabajaremos con el vocabulario esencial y necesario para que usted pueda disfrutar sin problemas desde un almuerzo hasta un paseo por la ciudad o para que pueda hacer frente a cualquier eventualidad o inconveniente que pueda surgir en el viaje.<\/p>\n<p>Para viajeros desde nivel elemental hasta intermedio.<\/p>\n<p>El objetivo es que usted pueda lograr fluidez y confianza en la lengua inglesa en poco tiempo. Nuestras clases de INGLES PARA VIAJEROS lo ayudar\u00e1n a mecanizar t\u00e9rminos esenciales y modismos del lenguaje actual, para que pueda sentirse confiado y en igualdad de condiciones en cualquier conversaci\u00f3n.<\/p>\n<p>Adem\u00e1s recibiremos visitas de viajeros frecuentes con quienes charlaremos sobre su experiencia con el idioma, tendremos sesiones culturales y eventuales visitas de hablantes nativos.<\/p>\n","protected":false},"excerpt":{"rendered":"<p>Inicia: 6 de marzo de 2017<\/p>\n<p>Duraci\u00f3n: 4 meses<\/p>\n<p>D\u00edas de cursado: Lunes de 19 a 21hs.<\/p>\n<p>COSTO DEL CURSO: $2400<\/p>\n<p>Lugar: Alsina 19, 1er piso.<\/p>\n","protected":false},"featured_media":1460,"comment_status":"open","ping_status":"closed","template":"","meta":[],"product_cat":[22],"product_tag":[24,32,31],"_links":{"self":[{"href":"https:\/\/ccis.com.ar\/capacitaciones\/wp-json\/wp\/v2\/product\/806"}],"collection":[{"href":"https:\/\/ccis.com.ar\/capacitaciones\/wp-json\/wp\/v2\/product"}],"about":[{"href":"https:\/\/ccis.com.ar\/capacitaciones\/wp-json\/wp\/v2\/types\/product"}],"replies":[{"embeddable":true,"href":"https:\/\/ccis.com.ar\/capacitaciones\/wp-json\/wp\/v2\/comments?post=806"}],"wp:featuredmedia":[{"embeddable":true,"href":"https:\/\/ccis.com.ar\/capacitaciones\/wp-json\/wp\/v2\/media\/1460"}],"wp:attachment":[{"href":"https:\/\/ccis.com.ar\/capacitaciones\/wp-json\/wp\/v2\/media?parent=806"}],"wp:term":[{"taxonomy":"product_cat","embeddable":true,"href":"https:\/\/ccis.com.ar\/capacitaciones\/wp-json\/wp\/v2\/product_cat?post=806"},{"taxonomy":"product_tag","embeddable":true,"href":"https:\/\/ccis.com.ar\/capacitaciones\/wp-json\/wp\/v2\/product_tag?post=806"}],"curies":[{"name":"wp","href":"https:\/\/api.w.org\/{rel}","templated":true}]}}